{"id":275,"date":"2019-08-20T12:10:13","date_gmt":"2019-08-20T12:10:13","guid":{"rendered":"https:\/\/themes.getmotopress.com\/booklium-default\/?page_id=269"},"modified":"2023-08-10T10:49:21","modified_gmt":"2023-08-10T14:49:21","slug":"contacts","status":"publish","type":"page","link":"https:\/\/livestylevilla.com\/es\/contacts\/","title":{"rendered":"Contacto"},"content":{"rendered":"<div class=\"wp-block-columns has-2-columns is-layout-flex wp-container-core-columns-layout-1 wp-block-columns-is-layout-flex\">\n<div class=\"wp-block-column is-layout-flow wp-block-column-is-layout-flow\">\n<div class=\"wp-block-getwid-advanced-heading has-custom-font-size\" style=\"font-size:28px;margin-bottom:30px\"><h2 class=\"wp-block-getwid-advanced-heading__content\" style=\"font-family:&quot;Jost&quot;;font-weight:normal\"><strong>Estamos aqu\u00ed para ayudarte.<\/strong><\/h2><\/div>\n\n\n\n<div class=\"wp-block-getwid-advanced-heading has-custom-font-size\" style=\"font-size:18px\"><span class=\"wp-block-getwid-advanced-heading__content\" style=\"font-family:&quot;Jost&quot;;font-weight:300\">\u00bfTienes preguntas, consultas o est\u00e1s listo para reservar tus vacaciones de ensue\u00f1o? No dudes en ponerte en contacto con nuestro dedicado equipo en LIVE STYLE VILLA. Nuestro personal amable est\u00e1 disponible para proporcionarte la informaci\u00f3n que necesitas, ayudarte con las reservas y garantizar que tu experiencia con nosotros sea sin problemas.<\/span><\/div>\n\n\n\n<div style=\"height:20px\" aria-hidden=\"true\" class=\"wp-block-spacer\"><\/div>\n\n\n\n<div class=\"wp-block-getwid-advanced-heading has-custom-font-size\" style=\"font-size:18px;margin-bottom:0px\"><span class=\"wp-block-getwid-advanced-heading__content\" style=\"font-family:&quot;Jost&quot;;font-weight:300\">Direcci\u00f3n<\/span><\/div>\n\n\n\n<div class=\"wp-block-getwid-advanced-heading has-custom-font-size\" style=\"font-size:18px\"><span class=\"wp-block-getwid-advanced-heading__content has-text-color has-arsenic-color\" style=\"font-family:&quot;Jost&quot;;font-weight:normal\">Leeward, Alto Estado Este , Villa #2.  Nombre de la villa, Live Style , Islas Turcas y Caicos<\/span><\/div>\n\n\n\n<div class=\"wp-block-getwid-advanced-heading has-custom-font-size\" style=\"font-size:18px;margin-bottom:0px\"><span class=\"wp-block-getwid-advanced-heading__content\" style=\"font-family:&quot;Jost&quot;;font-weight:300\">Tel\u00e9fono <\/span><\/div>\n\n\n\n<div class=\"wp-block-getwid-advanced-heading has-custom-font-size\" style=\"font-size:normal\"><span class=\"wp-block-getwid-advanced-heading__content has-text-color has-arsenic-color\" style=\"font-weight:500\"><a href=\"tel:19544566789\"> <\/a>+1 (649) 4422424<\/span><\/div>\n\n\n\n<div class=\"wp-block-getwid-advanced-heading has-custom-font-size\" style=\"font-size:18px;margin-bottom:0px\"><span class=\"wp-block-getwid-advanced-heading__content\" style=\"font-family:&quot;Jost&quot;;font-weight:300\">Toll-Free <\/span><\/div>\n\n\n\n<div class=\"wp-block-getwid-advanced-heading has-custom-font-size\" style=\"font-size:normal\"><span class=\"wp-block-getwid-advanced-heading__content has-text-color has-arsenic-color\" style=\"font-weight:500\"><a href=\"tel:19544566789\"> <\/a>+1 (649) 4422424<\/span><\/div>\n\n\n\n<div class=\"wp-block-getwid-advanced-heading has-custom-font-size\" style=\"font-size:18px;margin-bottom:0px\"><span class=\"wp-block-getwid-advanced-heading__content\" style=\"font-family:&quot;Jost&quot;;font-weight:300\">Email<\/span><\/div>\n\n\n\n<div class=\"wp-block-getwid-advanced-heading has-custom-font-size\" style=\"font-size:normal\"><span class=\"wp-block-getwid-advanced-heading__content has-text-color has-arsenic-color\" style=\"font-weight:500\"><a href=\"mailto:info@livestylevilla.com\">info@livestylevilla.com<\/a><\/span><\/div>\n<\/div>\n\n\n\n<div class=\"wp-block-column is-vertically-aligned-top is-style-with-big-shadow has-arsenic-color has-text-color is-layout-flow wp-block-column-is-layout-flow\"><\/div>\n<\/div>\n\n\n\n<div style=\"height:20px\" aria-hidden=\"true\" class=\"wp-block-spacer\"><\/div>\n\n\n\n<div data-map-zoom=\"16\" data-interaction=\"cooperative\" data-map-style=\"blue_water\" data-map-center=\"{&quot;lat&quot;:21.815107214787993,&quot;lng&quot;:-72.15342652785515}\" data-zoom-control=\"false\" data-type-control=\"false\" data-street-view-control=\"false\" data-full-screen-control=\"false\" data-map-markers=\"[{&quot;name&quot;:&quot;RR8W+223, Leeward Hwy, Leeward Settlement TKCA 1ZZ, Turks &amp; Caicos Islands&quot;,&quot;description&quot;:&quot;RR8W+223, Leeward Hwy, Leeward Settlement TKCA 1ZZ, Turks &amp;amp; Caicos Islands&quot;,&quot;popUpOpen&quot;:false,&quot;popUpMaxWidth&quot;:250,&quot;bounce&quot;:false,&quot;coords&quot;:{&quot;lat&quot;:21.815876,&quot;lng&quot;:-72.154233}}]\" class=\"wp-block-getwid-map\"><div style=\"height:400px\" class=\"wp-block-getwid-map__container\"><\/div><ul class=\"wp-block-getwid-map__points\"><li><a href=\"https:\/\/maps.google.com\/?q=21.815876,-72.154233&amp;ll=21.815876,-72.154233&amp;z=16\">RR8W+223, Leeward Hwy, Leeward Settlement TKCA 1ZZ, Turks &amp; Caicos Islands<\/a><\/li><\/ul><\/div>\n\n\n\n<div style=\"height:50px\" aria-hidden=\"true\" class=\"wp-block-spacer\"><\/div>\n\n\n\n<hr class=\"wp-block-separator has-css-opacity is-style-wide\"\/>\n\n\n\n<div style=\"height:30px\" aria-hidden=\"true\" class=\"wp-block-spacer\"><\/div>\n\n\n\n<div class=\"wp-block-getwid-advanced-heading\" style=\"margin-bottom:5px\"><h2 class=\"wp-block-getwid-advanced-heading__content\" style=\"text-align:center;font-family:&quot;Jost&quot;;font-weight:normal\">Preguntas frecuentes<\/h2><\/div>\n\n\n\n<div class=\"wp-block-getwid-advanced-heading has-custom-font-size\" style=\"font-size:18px;margin-bottom:40px\"><span class=\"wp-block-getwid-advanced-heading__content\" style=\"text-align:center;font-family:&quot;Jost&quot;;font-weight:300\">Visite nuestra p\u00e1gina de preguntas frecuentes para obtener respuestas detalladas a nuestras preguntas m\u00e1s comunes.<\/span><\/div>\n\n\n\n<div class=\"wp-block-columns has-3-columns is-layout-flex wp-container-core-columns-layout-2 wp-block-columns-is-layout-flex\">\n<div class=\"wp-block-column is-layout-flow wp-block-column-is-layout-flow\">\n<div class=\"wp-block-getwid-section is-style-with-big-shadow is-style-fit-parent\"><div class=\"wp-block-getwid-section__wrapper getwid-padding-left-medium getwid-padding-right-medium getwid-align-items-flex-start\" style=\"padding-top:50px;padding-bottom:50px\"><div class=\"wp-block-getwid-section__inner-wrapper\"><div class=\"wp-block-getwid-section__background-holder\"><div class=\"wp-block-getwid-section__background has-background has-white-background-color\"><\/div><div class=\"wp-block-getwid-section__foreground\"><\/div><\/div><div class=\"wp-block-getwid-section__content\"><div class=\"wp-block-getwid-section__inner-content\">\n<div class=\"wp-block-getwid-image-box getwid-animation has-text-center has-mobile-layout-default has-mobile-alignment-default\" data-animation=\"slideBottom\"><div style=\"margin-bottom:20px\" class=\"wp-block-getwid-image-box__image-container is-position-top\"><a href=\"#\" class=\"wp-block-getwid-image-box__image-wrapper\"><img loading=\"lazy\" decoding=\"async\" width=\"64\" height=\"64\" src=\"http:\/\/livestylevilla.com\/wp-content\/uploads\/2019\/10\/booking-online1.png\" alt=\"\" class=\"wp-block-getwid-image-box__image wp-image-1117\"\/><\/a><\/div><div class=\"wp-block-getwid-image-box__content\">\n<div class=\"wp-block-getwid-advanced-heading has-custom-font-size\" style=\"font-size:18px;margin-bottom:10px\"><h4 class=\"wp-block-getwid-advanced-heading__content\" style=\"font-family:&quot;Jost&quot;;font-weight:normal\">Reserva en l\u00ednea<\/h4><\/div>\n\n\n\n<div class=\"wp-block-getwid-advanced-heading has-custom-font-size\" style=\"font-size:15px\"><span class=\"wp-block-getwid-advanced-heading__content\" style=\"font-family:&quot;Jost&quot;;font-weight:300\">No mantenemos secretos entre nosotros ni con nuestros clientes, y siempre estamos abiertos para usted.   <\/span><\/div>\n<\/div><\/div>\n<\/div><\/div><\/div><\/div><\/div>\n<\/div>\n\n\n\n<div class=\"wp-block-column is-layout-flow wp-block-column-is-layout-flow\">\n<div class=\"wp-block-getwid-section is-style-with-big-shadow is-style-fit-parent\"><div class=\"wp-block-getwid-section__wrapper getwid-padding-left-medium getwid-padding-right-medium getwid-align-items-flex-start\" style=\"padding-top:50px;padding-bottom:50px\"><div class=\"wp-block-getwid-section__inner-wrapper\"><div class=\"wp-block-getwid-section__background-holder\"><div class=\"wp-block-getwid-section__background has-background has-white-background-color\"><\/div><div class=\"wp-block-getwid-section__foreground\"><\/div><\/div><div class=\"wp-block-getwid-section__content\"><div class=\"wp-block-getwid-section__inner-content\">\n<div class=\"wp-block-getwid-image-box getwid-animation has-text-center has-mobile-layout-default has-mobile-alignment-default\" data-animation=\"slideBottom\"><div style=\"margin-bottom:20px\" class=\"wp-block-getwid-image-box__image-container is-position-top\"><a href=\"#\" class=\"wp-block-getwid-image-box__image-wrapper\"><img loading=\"lazy\" decoding=\"async\" width=\"64\" height=\"64\" src=\"http:\/\/livestylevilla.com\/wp-content\/uploads\/2019\/10\/renting-out1.png\" alt=\"\" class=\"wp-block-getwid-image-box__image wp-image-1120\"\/><\/a><\/div><div class=\"wp-block-getwid-image-box__content\">\n<div class=\"wp-block-getwid-advanced-heading has-custom-font-size\" style=\"font-size:18px;margin-bottom:10px\"><h4 class=\"wp-block-getwid-advanced-heading__content\" style=\"font-family:&quot;Jost&quot;;font-weight:normal\">Alquiler<\/h4><\/div>\n\n\n\n<div class=\"wp-block-getwid-advanced-heading has-custom-font-size\" style=\"font-size:15px\"><span class=\"wp-block-getwid-advanced-heading__content\" style=\"font-family:&quot;Jost&quot;;font-weight:300\">La construcci\u00f3n de equipos se ha convertido en una parte muy importante de nuestra rutina de equipo amigable y llena de eventos.  <\/span><\/div>\n<\/div><\/div>\n<\/div><\/div><\/div><\/div><\/div>\n<\/div>\n\n\n\n<div class=\"wp-block-column is-layout-flow wp-block-column-is-layout-flow\">\n<div class=\"wp-block-getwid-section is-style-with-big-shadow is-style-fit-parent\"><div class=\"wp-block-getwid-section__wrapper getwid-padding-left-medium getwid-padding-right-medium getwid-align-items-flex-start\" style=\"padding-top:50px;padding-bottom:50px\"><div class=\"wp-block-getwid-section__inner-wrapper\"><div class=\"wp-block-getwid-section__background-holder\"><div class=\"wp-block-getwid-section__background has-background has-white-background-color\"><\/div><div class=\"wp-block-getwid-section__foreground\"><\/div><\/div><div class=\"wp-block-getwid-section__content\"><div class=\"wp-block-getwid-section__inner-content\">\n<div class=\"wp-block-getwid-image-box getwid-animation has-text-center has-mobile-layout-default has-mobile-alignment-default\" data-animation=\"slideBottom\"><div style=\"margin-bottom:20px\" class=\"wp-block-getwid-image-box__image-container is-position-top\"><a href=\"#\" class=\"wp-block-getwid-image-box__image-wrapper\"><img loading=\"lazy\" decoding=\"async\" width=\"64\" height=\"64\" src=\"http:\/\/livestylevilla.com\/wp-content\/uploads\/2019\/10\/cancellation-_-refunds1.png\" alt=\"\" class=\"wp-block-getwid-image-box__image wp-image-1116\"\/><\/a><\/div><div class=\"wp-block-getwid-image-box__content\">\n<div class=\"wp-block-getwid-advanced-heading has-custom-font-size\" style=\"font-size:18px;margin-bottom:10px\"><h4 class=\"wp-block-getwid-advanced-heading__content\" style=\"font-family:&quot;Jost&quot;;font-weight:normal\">Cancelaci\u00f3n\/Reembolso<\/h4><\/div>\n\n\n\n<div class=\"wp-block-getwid-advanced-heading has-custom-font-size\" style=\"font-size:15px\"><span class=\"wp-block-getwid-advanced-heading__content\" style=\"font-family:&quot;Jost&quot;;font-weight:300\">Nuestro equipo constantemente eleva su nivel de maestr\u00eda asistiendo a varios seminarios. <\/span><\/div>\n<\/div><\/div>\n<\/div><\/div><\/div><\/div><\/div>\n<\/div>\n<\/div>\n\n\n\n<div class=\"wp-block-columns has-3-columns is-layout-flex wp-container-core-columns-layout-3 wp-block-columns-is-layout-flex\">\n<div class=\"wp-block-column is-layout-flow wp-block-column-is-layout-flow\">\n<div class=\"wp-block-getwid-section is-style-with-big-shadow is-style-fit-parent\"><div class=\"wp-block-getwid-section__wrapper getwid-padding-top-medium getwid-padding-bottom-medium getwid-padding-left-medium getwid-padding-right-medium getwid-align-items-flex-start\"><div class=\"wp-block-getwid-section__inner-wrapper\"><div class=\"wp-block-getwid-section__background-holder\"><div class=\"wp-block-getwid-section__background has-background has-white-background-color\"><\/div><div class=\"wp-block-getwid-section__foreground\"><\/div><\/div><div class=\"wp-block-getwid-section__content\"><div class=\"wp-block-getwid-section__inner-content\">\n<div class=\"wp-block-getwid-image-box getwid-animation has-text-center has-mobile-layout-default has-mobile-alignment-default\" data-animation=\"slideBottom\"><div style=\"margin-bottom:30px\" class=\"wp-block-getwid-image-box__image-container is-position-top\"><a href=\"#\" class=\"wp-block-getwid-image-box__image-wrapper\"><img loading=\"lazy\" decoding=\"async\" width=\"64\" height=\"64\" src=\"http:\/\/livestylevilla.com\/wp-content\/uploads\/2019\/10\/one-team1.png\" alt=\"\" class=\"wp-block-getwid-image-box__image wp-image-1114\"\/><\/a><\/div><div class=\"wp-block-getwid-image-box__content\">\n<div class=\"wp-block-getwid-advanced-heading has-custom-font-size\" style=\"font-size:18px;margin-bottom:10px\"><h4 class=\"wp-block-getwid-advanced-heading__content\" style=\"font-family:&quot;Jost&quot;;font-weight:normal\">Un equipo<\/h4><\/div>\n\n\n\n<div class=\"wp-block-getwid-advanced-heading has-custom-font-size\" style=\"font-size:15px\"><span class=\"wp-block-getwid-advanced-heading__content\" style=\"font-family:&quot;Jost&quot;;font-weight:300\"> Todo el equipo se re\u00fane cada semana para discutir varios temas que ocurrieron durante la misma. <\/span><\/div>\n<\/div><\/div>\n<\/div><\/div><\/div><\/div><\/div>\n<\/div>\n\n\n\n<div class=\"wp-block-column is-layout-flow wp-block-column-is-layout-flow\">\n<div class=\"wp-block-getwid-section is-style-with-big-shadow is-style-fit-parent\"><div class=\"wp-block-getwid-section__wrapper getwid-padding-top-medium getwid-padding-bottom-medium getwid-padding-left-medium getwid-padding-right-medium getwid-align-items-flex-start\"><div class=\"wp-block-getwid-section__inner-wrapper\"><div class=\"wp-block-getwid-section__background-holder\"><div class=\"wp-block-getwid-section__background has-background has-white-background-color\"><\/div><div class=\"wp-block-getwid-section__foreground\"><\/div><\/div><div class=\"wp-block-getwid-section__content\"><div class=\"wp-block-getwid-section__inner-content\">\n<div class=\"wp-block-getwid-image-box getwid-animation has-text-center has-mobile-layout-default has-mobile-alignment-default\" data-animation=\"slideBottom\"><div style=\"margin-bottom:30px\" class=\"wp-block-getwid-image-box__image-container is-position-top\"><a href=\"#\" class=\"wp-block-getwid-image-box__image-wrapper\"><img loading=\"lazy\" decoding=\"async\" width=\"64\" height=\"64\" src=\"http:\/\/livestylevilla.com\/wp-content\/uploads\/2019\/10\/innovative1.png\" alt=\"\" class=\"wp-block-getwid-image-box__image wp-image-1115\"\/><\/a><\/div><div class=\"wp-block-getwid-image-box__content\">\n<div class=\"wp-block-getwid-advanced-heading has-custom-font-size\" style=\"font-size:18px;margin-bottom:10px\"><h4 class=\"wp-block-getwid-advanced-heading__content\" style=\"font-family:&quot;Jost&quot;;font-weight:normal\">Innovaci\u00f3n<\/h4><\/div>\n\n\n\n<div class=\"wp-block-getwid-advanced-heading has-custom-font-size\" style=\"font-size:15px\"><span class=\"wp-block-getwid-advanced-heading__content\" style=\"font-family:&quot;Jost&quot;;font-weight:300\">Tambi\u00e9n buscamos soluciones modernas y actualizadas para diversos problemas rutinarios. <\/span><\/div>\n<\/div><\/div>\n<\/div><\/div><\/div><\/div><\/div>\n<\/div>\n\n\n\n<div class=\"wp-block-column is-layout-flow wp-block-column-is-layout-flow\">\n<div class=\"wp-block-getwid-section is-style-with-big-shadow is-style-fit-parent\"><div class=\"wp-block-getwid-section__wrapper getwid-padding-top-medium getwid-padding-bottom-medium getwid-padding-left-medium getwid-padding-right-medium getwid-align-items-flex-start\"><div class=\"wp-block-getwid-section__inner-wrapper\"><div class=\"wp-block-getwid-section__background-holder\"><div class=\"wp-block-getwid-section__background has-background has-white-background-color\"><\/div><div class=\"wp-block-getwid-section__foreground\"><\/div><\/div><div class=\"wp-block-getwid-section__content\"><div class=\"wp-block-getwid-section__inner-content\">\n<div class=\"wp-block-getwid-image-box getwid-animation has-text-center has-mobile-layout-default has-mobile-alignment-default\" data-animation=\"slideBottom\"><div style=\"margin-bottom:30px\" class=\"wp-block-getwid-image-box__image-container is-position-top\"><a href=\"#\" class=\"wp-block-getwid-image-box__image-wrapper\"><img loading=\"lazy\" decoding=\"async\" width=\"64\" height=\"64\" src=\"http:\/\/livestylevilla.com\/wp-content\/uploads\/2019\/10\/quality1.png\" alt=\"\" class=\"wp-block-getwid-image-box__image wp-image-1121\"\/><\/a><\/div><div class=\"wp-block-getwid-image-box__content\">\n<div class=\"wp-block-getwid-advanced-heading has-custom-font-size\" style=\"font-size:18px;margin-bottom:10px\"><h4 class=\"wp-block-getwid-advanced-heading__content\" style=\"font-family:&quot;Jost&quot;;font-weight:normal\">Calidad<\/h4><\/div>\n\n\n\n<div class=\"wp-block-getwid-advanced-heading has-custom-font-size\" style=\"font-size:15px\"><span class=\"wp-block-getwid-advanced-heading__content\" style=\"font-family:&quot;Jost&quot;;font-weight:300\">Todos nuestros productos son sometidos a pruebas exhaustivas de acuerdo con los est\u00e1ndares de alta calidad.   <\/span><\/div>\n<\/div><\/div>\n<\/div><\/div><\/div><\/div><\/div>\n<\/div>\n<\/div>","protected":false},"excerpt":{"rendered":"<p>Aunque nuestra presencia en l\u00ednea te brinda un vistazo de nuestras lujosas ofertas, te invitamos a visitarnos en persona y experimentar la verdadera esencia de LIVE STYLE Villa. Cont\u00e1ctanos para programar un recorrido y descubrir el para\u00edso que te espera.<\/p>","protected":false},"author":1,"featured_media":0,"parent":0,"menu_order":0,"comment_status":"closed","ping_status":"closed","template":"template-wide-page.php","meta":{"inline_featured_image":false,"footnotes":""},"_links":{"self":[{"href":"https:\/\/livestylevilla.com\/es\/wp-json\/wp\/v2\/pages\/275"}],"collection":[{"href":"https:\/\/livestylevilla.com\/es\/wp-json\/wp\/v2\/pages"}],"about":[{"href":"https:\/\/livestylevilla.com\/es\/wp-json\/wp\/v2\/types\/page"}],"author":[{"embeddable":true,"href":"https:\/\/livestylevilla.com\/es\/wp-json\/wp\/v2\/users\/1"}],"replies":[{"embeddable":true,"href":"https:\/\/livestylevilla.com\/es\/wp-json\/wp\/v2\/comments?post=275"}],"version-history":[{"count":8,"href":"https:\/\/livestylevilla.com\/es\/wp-json\/wp\/v2\/pages\/275\/revisions"}],"predecessor-version":[{"id":1602,"href":"https:\/\/livestylevilla.com\/es\/wp-json\/wp\/v2\/pages\/275\/revisions\/1602"}],"wp:attachment":[{"href":"https:\/\/livestylevilla.com\/es\/wp-json\/wp\/v2\/media?parent=275"}],"curies":[{"name":"wp","href":"https:\/\/api.w.org\/{rel}","templated":true}]}}