{"id":689,"date":"2019-09-18T12:05:01","date_gmt":"2019-09-18T12:05:01","guid":{"rendered":"https:\/\/themes.getmotopress.com\/booklium-default\/?page_id=689"},"modified":"2023-08-08T11:59:48","modified_gmt":"2023-08-08T15:59:48","slug":"activities","status":"publish","type":"page","link":"https:\/\/livestylevilla.com\/es\/activities\/","title":{"rendered":"Actividades"},"content":{"rendered":"<div class=\"wp-block-getwid-section\" style=\"margin-bottom:50px\"><div class=\"wp-block-getwid-section__wrapper getwid-padding-top-none getwid-padding-bottom-none getwid-padding-left-none getwid-padding-right-none\"><div class=\"wp-block-getwid-section__inner-wrapper\"><div class=\"wp-block-getwid-section__background-holder\"><div class=\"wp-block-getwid-section__background\"><\/div><div class=\"wp-block-getwid-section__foreground\"><\/div><\/div><div class=\"wp-block-getwid-section__content\"><div class=\"wp-block-getwid-section__inner-content\">\n<p><\/p>\n<\/div><\/div><\/div><\/div><\/div>\n\n\n\n<div class=\"wp-block-columns has-2-columns is-layout-flex wp-container-core-columns-layout-1 wp-block-columns-is-layout-flex\">\n<div class=\"wp-block-column is-layout-flow wp-block-column-is-layout-flow\">\n<div class=\"wp-block-getwid-advanced-heading has-custom-font-size\" style=\"font-size:28px;margin-bottom:40px\"><h2 class=\"wp-block-getwid-advanced-heading__content\" style=\"font-family:&quot;Jost&quot;;font-weight:normal\"><strong>Abraza el para\u00edso a trav\u00e9s de nuestras actividades<\/strong><\/h2><\/div>\n\n\n\n<div class=\"wp-block-button\"><a class=\"wp-block-button__link wp-element-button\" href=\"#\">M\u00e1s Informaci\u00f3n<\/a><\/div>\n\n\n\n<div class=\"wp-block-getwid-advanced-spacer getwid-hide-desktop getwid-hide-tablet\" style=\"height:10px\" aria-hidden=\"true\"><\/div>\n<\/div>\n\n\n\n<div class=\"wp-block-column is-layout-flow wp-block-column-is-layout-flow\">\n<div class=\"wp-block-getwid-advanced-heading has-custom-font-size\" style=\"font-size:18px\"><span class=\"wp-block-getwid-advanced-heading__content\" style=\"font-family:&quot;Jost&quot;;font-weight:300\">En Live Style Villa, ofrecemos una amplia gama de actividades para enriquecer tu experiencia caribe\u00f1a. Ya sea que busques relajaci\u00f3n, aventura o un poco de ambas cosas, nuestra cuidadosa selecci\u00f3n garantiza que haya algo para todos.<\/span><\/div>\n\n\n\n<div class=\"wp-block-getwid-advanced-heading has-custom-font-size\" style=\"font-size:18px\"><span class=\"wp-block-getwid-advanced-heading__content\" style=\"font-family:&quot;Jost&quot;;font-weight:300\">Mejora tus vacaciones con experiencias que resuenen con tus deseos. Elige entre una variedad de actividades, cada una dise\u00f1ada para brindar un toque \u00fanico y personalizado a tu estancia en Live Style Villa.<\/span><\/div>\n<\/div>\n<\/div>\n\n\n\n<div style=\"height:47px\" aria-hidden=\"true\" class=\"wp-block-spacer\"><\/div>\n\n\n\n<hr class=\"wp-block-separator has-css-opacity is-style-wide\"\/>\n\n\n\n<div class=\"wp-block-getwid-advanced-heading has-custom-font-size\" style=\"font-size:28px;margin-bottom:5px;margin-top:81px\"><h2 class=\"wp-block-getwid-advanced-heading__content\" style=\"text-align:center;font-family:&quot;Jost&quot;;font-weight:normal\">Actividades<\/h2><\/div>\n\n\n\n<div class=\"wp-block-getwid-advanced-heading has-custom-font-size\" style=\"font-size:18px;margin-bottom:40px\"><span class=\"wp-block-getwid-advanced-heading__content\" style=\"text-align:center;font-family:&quot;Jost&quot;;font-weight:300\">Echa un vistazo m\u00e1s de cerca a nuestras actividades y decide cu\u00e1l quieres experimentar a continuaci\u00f3n.<\/span><\/div>\n\n\n\n<div class=\"wp-block-columns has-4-columns is-layout-flex wp-container-core-columns-layout-2 wp-block-columns-is-layout-flex\">\n<div class=\"wp-block-column is-layout-flow wp-block-column-is-layout-flow\">\n<div class=\"wp-block-getwid-banner is-style-shadow-bottom has-foreground-undefined has-animation-style4 has-vertical-alignment-bottom\"><a href=\"#\" class=\"wp-block-getwid-banner__link\"><div class=\"wp-block-getwid-banner__wrapper\"><img loading=\"lazy\" decoding=\"async\" width=\"900\" height=\"1200\" src=\"http:\/\/livestylevilla.com\/wp-content\/uploads\/2023\/08\/tennis-leassons.jpg\" alt=\"\" class=\"wp-block-getwid-banner__image wp-block-getwid-banner__source wp-image-1526\" srcset=\"https:\/\/livestylevilla.com\/wp-content\/uploads\/2023\/08\/tennis-leassons.jpg 900w, https:\/\/livestylevilla.com\/wp-content\/uploads\/2023\/08\/tennis-leassons-600x800.jpg 600w, https:\/\/livestylevilla.com\/wp-content\/uploads\/2023\/08\/tennis-leassons-225x300.jpg 225w, https:\/\/livestylevilla.com\/wp-content\/uploads\/2023\/08\/tennis-leassons-768x1024.jpg 768w, https:\/\/livestylevilla.com\/wp-content\/uploads\/2023\/08\/tennis-leassons-892x1189.jpg 892w\" sizes=\"(max-width: 900px) 100vw, 900px\" \/><div class=\"wp-block-getwid-banner__caption\" style=\"min-height:315px\"><div class=\"wp-block-getwid-banner__caption-wrapper\"><span class=\"wp-block-getwid-banner__title\">Lecciones<br>de Tennis<\/span><p class=\"wp-block-getwid-banner__text\">desde $75<\/p><\/div><\/div><\/div><\/a><\/div>\n\n\n\n<div class=\"wp-block-getwid-banner is-style-shadow-bottom has-foreground-undefined has-animation-style4 has-vertical-alignment-bottom\"><a href=\"#\" class=\"wp-block-getwid-banner__link\"><div class=\"wp-block-getwid-banner__wrapper\"><img loading=\"lazy\" decoding=\"async\" width=\"900\" height=\"1200\" src=\"http:\/\/livestylevilla.com\/wp-content\/uploads\/2023\/08\/fitness-in-house.jpg\" alt=\"\" class=\"wp-block-getwid-banner__image wp-block-getwid-banner__source wp-image-1522\" srcset=\"https:\/\/livestylevilla.com\/wp-content\/uploads\/2023\/08\/fitness-in-house.jpg 900w, https:\/\/livestylevilla.com\/wp-content\/uploads\/2023\/08\/fitness-in-house-600x800.jpg 600w, https:\/\/livestylevilla.com\/wp-content\/uploads\/2023\/08\/fitness-in-house-225x300.jpg 225w, https:\/\/livestylevilla.com\/wp-content\/uploads\/2023\/08\/fitness-in-house-768x1024.jpg 768w, https:\/\/livestylevilla.com\/wp-content\/uploads\/2023\/08\/fitness-in-house-892x1189.jpg 892w\" sizes=\"(max-width: 900px) 100vw, 900px\" \/><div class=\"wp-block-getwid-banner__caption\" style=\"min-height:315px\"><div class=\"wp-block-getwid-banner__caption-wrapper\"><span class=\"wp-block-getwid-banner__title\"><strong>Acondicionamiento f\u00edsico en casa<\/strong><\/span><p class=\"wp-block-getwid-banner__text\">from $65<\/p><\/div><\/div><\/div><\/a><\/div>\n<\/div>\n\n\n\n<div class=\"wp-block-column is-layout-flow wp-block-column-is-layout-flow\">\n<div class=\"wp-block-getwid-banner is-style-shadow-bottom has-foreground-undefined has-animation-style4 has-vertical-alignment-bottom\"><a href=\"#\" class=\"wp-block-getwid-banner__link\"><div class=\"wp-block-getwid-banner__wrapper\"><img loading=\"lazy\" decoding=\"async\" width=\"900\" height=\"1200\" src=\"http:\/\/livestylevilla.com\/wp-content\/uploads\/2023\/08\/beach.jpg\" alt=\"\" class=\"wp-block-getwid-banner__image wp-block-getwid-banner__source wp-image-1521\" srcset=\"https:\/\/livestylevilla.com\/wp-content\/uploads\/2023\/08\/beach.jpg 900w, https:\/\/livestylevilla.com\/wp-content\/uploads\/2023\/08\/beach-600x800.jpg 600w, https:\/\/livestylevilla.com\/wp-content\/uploads\/2023\/08\/beach-225x300.jpg 225w, https:\/\/livestylevilla.com\/wp-content\/uploads\/2023\/08\/beach-768x1024.jpg 768w, https:\/\/livestylevilla.com\/wp-content\/uploads\/2023\/08\/beach-892x1189.jpg 892w\" sizes=\"(max-width: 900px) 100vw, 900px\" \/><div class=\"wp-block-getwid-banner__caption\" style=\"min-height:315px\"><div class=\"wp-block-getwid-banner__caption-wrapper\"><span class=\"wp-block-getwid-banner__title\"><strong>Playa Cercana<\/strong><\/span><p class=\"wp-block-getwid-banner__text\">desde $75<\/p><\/div><\/div><\/div><\/a><\/div>\n\n\n\n<div class=\"wp-block-getwid-banner is-style-shadow-bottom has-foreground-undefined has-animation-style4 has-vertical-alignment-bottom\"><a href=\"#\" class=\"wp-block-getwid-banner__link\"><div class=\"wp-block-getwid-banner__wrapper\"><img loading=\"lazy\" decoding=\"async\" width=\"900\" height=\"1200\" src=\"http:\/\/livestylevilla.com\/wp-content\/uploads\/2023\/08\/gym.jpg\" alt=\"\" class=\"wp-block-getwid-banner__image wp-block-getwid-banner__source wp-image-1523\" srcset=\"https:\/\/livestylevilla.com\/wp-content\/uploads\/2023\/08\/gym.jpg 900w, https:\/\/livestylevilla.com\/wp-content\/uploads\/2023\/08\/gym-600x800.jpg 600w, https:\/\/livestylevilla.com\/wp-content\/uploads\/2023\/08\/gym-225x300.jpg 225w, https:\/\/livestylevilla.com\/wp-content\/uploads\/2023\/08\/gym-768x1024.jpg 768w, https:\/\/livestylevilla.com\/wp-content\/uploads\/2023\/08\/gym-892x1189.jpg 892w\" sizes=\"(max-width: 900px) 100vw, 900px\" \/><div class=\"wp-block-getwid-banner__caption\" style=\"min-height:315px\"><div class=\"wp-block-getwid-banner__caption-wrapper\"><span class=\"wp-block-getwid-banner__title\"><strong>Gimnasio<\/strong><\/span><p class=\"wp-block-getwid-banner__text\">Pronto...<\/p><\/div><\/div><\/div><\/a><\/div>\n<\/div>\n\n\n\n<div class=\"wp-block-column is-layout-flow wp-block-column-is-layout-flow\">\n<div class=\"wp-block-getwid-banner is-style-shadow-bottom has-foreground-undefined has-animation-style4 has-vertical-alignment-bottom\"><a href=\"#\" class=\"wp-block-getwid-banner__link\"><div class=\"wp-block-getwid-banner__wrapper\"><img loading=\"lazy\" decoding=\"async\" width=\"900\" height=\"1200\" src=\"http:\/\/livestylevilla.com\/wp-content\/uploads\/2023\/08\/island-activities.jpg\" alt=\"\" class=\"wp-block-getwid-banner__image wp-block-getwid-banner__source wp-image-1524\" srcset=\"https:\/\/livestylevilla.com\/wp-content\/uploads\/2023\/08\/island-activities.jpg 900w, https:\/\/livestylevilla.com\/wp-content\/uploads\/2023\/08\/island-activities-600x800.jpg 600w, https:\/\/livestylevilla.com\/wp-content\/uploads\/2023\/08\/island-activities-225x300.jpg 225w, https:\/\/livestylevilla.com\/wp-content\/uploads\/2023\/08\/island-activities-768x1024.jpg 768w, https:\/\/livestylevilla.com\/wp-content\/uploads\/2023\/08\/island-activities-892x1189.jpg 892w\" sizes=\"(max-width: 900px) 100vw, 900px\" \/><div class=\"wp-block-getwid-banner__caption\" style=\"min-height:315px\"><div class=\"wp-block-getwid-banner__caption-wrapper\"><span class=\"wp-block-getwid-banner__title\"><strong>Paseos por la isla<\/strong><\/span><p class=\"wp-block-getwid-banner__text\"> desde $75 <\/p><\/div><\/div><\/div><\/a><\/div>\n<\/div>\n\n\n\n<div class=\"wp-block-column is-layout-flow wp-block-column-is-layout-flow\">\n<div class=\"wp-block-getwid-banner is-style-shadow-bottom has-foreground-undefined has-animation-style4 has-vertical-alignment-bottom\"><a href=\"#\" class=\"wp-block-getwid-banner__link\"><div class=\"wp-block-getwid-banner__wrapper\"><img loading=\"lazy\" decoding=\"async\" width=\"900\" height=\"1200\" src=\"http:\/\/livestylevilla.com\/wp-content\/uploads\/2023\/08\/Spa.jpg\" alt=\"\" class=\"wp-block-getwid-banner__image wp-block-getwid-banner__source wp-image-1525\" srcset=\"https:\/\/livestylevilla.com\/wp-content\/uploads\/2023\/08\/Spa.jpg 900w, https:\/\/livestylevilla.com\/wp-content\/uploads\/2023\/08\/Spa-600x800.jpg 600w, https:\/\/livestylevilla.com\/wp-content\/uploads\/2023\/08\/Spa-225x300.jpg 225w, https:\/\/livestylevilla.com\/wp-content\/uploads\/2023\/08\/Spa-768x1024.jpg 768w, https:\/\/livestylevilla.com\/wp-content\/uploads\/2023\/08\/Spa-892x1189.jpg 892w\" sizes=\"(max-width: 900px) 100vw, 900px\" \/><div class=\"wp-block-getwid-banner__caption\" style=\"min-height:315px\"><div class=\"wp-block-getwid-banner__caption-wrapper\"><span class=\"wp-block-getwid-banner__title\"><strong>Terapia corporal en el spa<\/strong><\/span><p class=\"wp-block-getwid-banner__text\"> desde $75<\/p><\/div><\/div><\/div><\/a><\/div>\n<\/div>\n<\/div>\n\n\n\n<div style=\"height:50px\" aria-hidden=\"true\" class=\"wp-block-spacer\"><\/div>\n\n\n\n<div class=\"wp-block-columns has-2-columns is-layout-flex wp-container-core-columns-layout-3 wp-block-columns-is-layout-flex\">\n<div class=\"wp-block-column is-layout-flow wp-block-column-is-layout-flow\">\n<div class=\"wp-block-getwid-section is-style-with-big-shadow\"><div class=\"wp-block-getwid-section__wrapper getwid-padding-top-medium getwid-padding-bottom-medium getwid-padding-left-medium getwid-padding-right-medium\"><div class=\"wp-block-getwid-section__inner-wrapper\"><div class=\"wp-block-getwid-section__background-holder\"><div class=\"wp-block-getwid-section__background has-background has-white-background-color\"><\/div><div class=\"wp-block-getwid-section__foreground\"><\/div><\/div><div class=\"wp-block-getwid-section__content\"><div class=\"wp-block-getwid-section__inner-content\">\n<div class=\"wp-block-getwid-image-box has-image-left has-text-left has-mobile-layout-default has-mobile-alignment-default\"><div class=\"wp-block-getwid-image-box__image-container is-position-middle\"><div class=\"wp-block-getwid-image-box__image-wrapper\"><img loading=\"lazy\" decoding=\"async\" width=\"200\" height=\"200\" src=\"http:\/\/livestylevilla.com\/wp-content\/uploads\/2023\/08\/warranty-money-back.png\" alt=\"\" class=\"wp-block-getwid-image-box__image wp-image-1533\" srcset=\"https:\/\/livestylevilla.com\/wp-content\/uploads\/2023\/08\/warranty-money-back.png 200w, https:\/\/livestylevilla.com\/wp-content\/uploads\/2023\/08\/warranty-money-back-100x100.png 100w, https:\/\/livestylevilla.com\/wp-content\/uploads\/2023\/08\/warranty-money-back-150x150.png 150w\" sizes=\"(max-width: 200px) 100vw, 200px\" \/><\/div><\/div><div class=\"wp-block-getwid-image-box__content\">\n<h4 class=\"wp-block-heading\">Garant\u00eda de devoluci\u00f3n de dinero<\/h4>\n\n\n\n<p class=\"has-small-font-size\">Si decides rechazar un tour reservado, te devolvemos el dinero.<\/p>\n<\/div><\/div>\n<\/div><\/div><\/div><\/div><\/div>\n<\/div>\n\n\n\n<div class=\"wp-block-column is-layout-flow wp-block-column-is-layout-flow\">\n<div class=\"wp-block-getwid-section is-style-with-big-shadow\"><div class=\"wp-block-getwid-section__wrapper getwid-padding-top-medium getwid-padding-bottom-medium getwid-padding-left-medium getwid-padding-right-medium\"><div class=\"wp-block-getwid-section__inner-wrapper\"><div class=\"wp-block-getwid-section__background-holder\"><div class=\"wp-block-getwid-section__background has-background has-white-background-color\"><\/div><div class=\"wp-block-getwid-section__foreground\"><\/div><\/div><div class=\"wp-block-getwid-section__content\"><div class=\"wp-block-getwid-section__inner-content\">\n<div class=\"wp-block-getwid-image-box has-image-left has-text-left has-mobile-layout-default has-mobile-alignment-default\"><div class=\"wp-block-getwid-image-box__image-container is-position-middle\"><div class=\"wp-block-getwid-image-box__image-wrapper\"><img loading=\"lazy\" decoding=\"async\" width=\"200\" height=\"200\" src=\"http:\/\/livestylevilla.com\/wp-content\/uploads\/2023\/08\/personal-concierge.png\" alt=\"\" class=\"wp-block-getwid-image-box__image wp-image-1532\" srcset=\"https:\/\/livestylevilla.com\/wp-content\/uploads\/2023\/08\/personal-concierge.png 200w, https:\/\/livestylevilla.com\/wp-content\/uploads\/2023\/08\/personal-concierge-100x100.png 100w, https:\/\/livestylevilla.com\/wp-content\/uploads\/2023\/08\/personal-concierge-150x150.png 150w\" sizes=\"(max-width: 200px) 100vw, 200px\" \/><\/div><\/div><div class=\"wp-block-getwid-image-box__content\">\n<h4 class=\"wp-block-heading\"><strong>Conserje personal<\/strong><\/h4>\n\n\n\n<p class=\"has-small-font-size\">Estar\u00e1 a tu lado, listo para ayudar y adaptar la experiencia a tus preferencias.<\/p>\n<\/div><\/div>\n<\/div><\/div><\/div><\/div><\/div>\n<\/div>\n<\/div>","protected":false},"excerpt":{"rendered":"<p>Desde bares clandestinos a paseos por el desierto, aprende nuevas habilidades y sum\u00e9rgete en la cultura local. Cada experiencia est\u00e1 seleccionada para garantizar su calidad, y no necesitas reservar una casa para participar en ellas.<\/p>","protected":false},"author":1,"featured_media":0,"parent":0,"menu_order":0,"comment_status":"closed","ping_status":"closed","template":"template-wide-page.php","meta":{"inline_featured_image":false,"footnotes":""},"_links":{"self":[{"href":"https:\/\/livestylevilla.com\/es\/wp-json\/wp\/v2\/pages\/689"}],"collection":[{"href":"https:\/\/livestylevilla.com\/es\/wp-json\/wp\/v2\/pages"}],"about":[{"href":"https:\/\/livestylevilla.com\/es\/wp-json\/wp\/v2\/types\/page"}],"author":[{"embeddable":true,"href":"https:\/\/livestylevilla.com\/es\/wp-json\/wp\/v2\/users\/1"}],"replies":[{"embeddable":true,"href":"https:\/\/livestylevilla.com\/es\/wp-json\/wp\/v2\/comments?post=689"}],"version-history":[{"count":7,"href":"https:\/\/livestylevilla.com\/es\/wp-json\/wp\/v2\/pages\/689\/revisions"}],"predecessor-version":[{"id":1536,"href":"https:\/\/livestylevilla.com\/es\/wp-json\/wp\/v2\/pages\/689\/revisions\/1536"}],"wp:attachment":[{"href":"https:\/\/livestylevilla.com\/es\/wp-json\/wp\/v2\/media?parent=689"}],"curies":[{"name":"wp","href":"https:\/\/api.w.org\/{rel}","templated":true}]}}